{"id":446,"date":"2020-03-27T11:59:00","date_gmt":"2020-03-27T10:59:00","guid":{"rendered":"http:\/\/pustulki.pl\/?page_id=446"},"modified":"2020-03-27T11:59:00","modified_gmt":"2020-03-27T10:59:00","slug":"obserwacje-pustulek-co-warto-wiedziec","status":"publish","type":"page","link":"http:\/\/pustulki.pl\/index.php\/obserwacje-pustulek-co-warto-wiedziec\/","title":{"rendered":"Obserwacje pustu\u0142ek \u2013 co warto wiedzie\u0107\u2026"},"content":{"rendered":"<p style=\"text-align: justify;\">Dla wielu do\u015bwiadczonych ornitolog\u00f3w poni\u017csze informacje s\u0105 oczywiste, ale niekoniecznie dla os\u00f3b mniej zaawansowanych.<\/p>\n<p style=\"text-align: justify;\"><em>Kilka s\u0142\u00f3w o fenologii l\u0119g\u00f3w.<\/em><br \/>\nZimuj\u0105ce pustu\u0142ki niekiedy pojawiaj\u0105 si\u0119 na miejscach l\u0119gowych (np. w zamontowanej skrzynce lub we wn\u0119ce budynku). Przesiaduj\u0105 w takim miejscu 1-2 dni i znikaj\u0105. Przylot pustu\u0142ek na znane ptakom stanowiska l\u0119gowe nast\u0119puje zwykle w drugiej po\u0142owie marca, rzadziej wcze\u015bniej. Cz\u0119\u015b\u0107 ptak\u00f3w mo\u017ce pojawi\u0107 si\u0119 dopiero w ko\u0144cu kwietnia lub nawet w maju!<br \/>\nOkres l\u0119gowy jest rozci\u0105gni\u0119ty. Pierwsze jaja w gnie\u017adzie niekt\u00f3re samice mog\u0105 zacz\u0105\u0107 sk\u0142ada\u0107 nawet w ostatnich dniach marca. Wi\u0119kszo\u015b\u0107 par przyst\u0119puje jednak do l\u0119gu w drugiej po\u0142owie kwietnia lub na pocz\u0105tku maja. Starsze ptaki prawdopodobnie przyst\u0119puj\u0105 do l\u0119g\u00f3w wcze\u015bniej ni\u017c pary z mniejszym do\u015bwiadczeniem. Asynchronia l\u0119g\u00f3w pomi\u0119dzy parami mo\u017ce si\u0119ga\u0107 nawet do 1,5 miesi\u0105ca na tym samym obiekcie.<br \/>\nWysiadywanie jaj (zwykle 4-6) zaczyna si\u0119 od 3 jaja i trwa oko\u0142o 30 dni. Wysiaduje samica, a samiec zast\u0119puje j\u0105 na kr\u00f3tko (zwykle na kilka-kilkana\u015bcie minut), kiedy dostarczy jej upolowany posi\u0142ek. Piskl\u0119ta pozostaj\u0105 w gnie\u017adzie r\u00f3wnie\u017c oko\u0142o 30 dni. Po opuszczeniu gniazda podloty przez jaki\u015b czas przebywaj\u0105 w jego pobli\u017cu. Miejskie pustu\u0142ki prawdopodobnie znacznie szybciej opuszczaj\u0105 okolice miejsca l\u0119gowego ni\u017c ma to miejsce w krajobrazie rolniczym.<\/p>\n<p style=\"text-align: justify;\"><em>Wyszukiwanie gniazd<\/em><br \/>\nPami\u0119tajmy, \u017ce pustu\u0142ki same gniazd nie buduj\u0105! Musz\u0105 mie\u0107 jak\u0105\u015b podstaw\u0119 \u2013 dogodne miejsce do z\u0142o\u017cenia jaj.<br \/>\nNaj\u0142atwiej wytypowa\u0107 prawdopodobne miejsce przysz\u0142ego gniazda przed okresem sk\u0142adania jaj. Ptaki s\u0105 wtedy bardzo aktywne (zw\u0142aszcza rano w ciep\u0142e dni), cz\u0119sto si\u0119 odzywaj\u0105, odbywaj\u0105 loty tokowe, odwiedzaj\u0105 potencjalne miejsca dogodne do z\u0142o\u017cenia l\u0119gu. W mie\u015bcie s\u0105 to r\u00f3\u017cnego rodzaju wn\u0119ki i nisze a tak\u017ce parapety, skrzynki kwiatowe, poza miastem \u2013 gniazda gawron\u00f3w, wron, kruk\u00f3w i srok, rzadziej innych gatunk\u00f3w. W okresie wychowu piskl\u0105t nale\u017cy przeprowadzi\u0107 ponown\u0105 kontrol\u0119 weryfikuj\u0105c\u0105 nasze przypuszczenia co do po\u0142o\u017cenia gniazda.<br \/>\nOdpowiednim okresem do lokalizowania gniazd jest r\u00f3wnie\u017c czerwiec i pocz\u0105tek lipca. W tym okresie odbywa si\u0119 karmienia piskl\u0105t. Na widok doros\u0142ego ptaka z pokarmem piskl\u0119ta g\u0142o\u015bno nawo\u0142uj\u0105 i \u0142atwo je us\u0142ysze\u0107. Doros\u0142e ptaki nosz\u0105 piskl\u0119tom pokarm co umo\u017cliwia lokalizacj\u0119 gniazda.<br \/>\nPo opuszczeniu gniazda przez m\u0142ode pozostaj\u0105 liczne \u015blady ich odchod\u00f3w. Pami\u0119ta\u0107 nale\u017cy, \u017ce obielenie niszy czy parapetu nie daje pewno\u015bci co do miejsca l\u0119gu. Potencjalne miejsca dogodne dla pustu\u0142ek mo\u017ce zaj\u0105\u0107 go\u0142\u0105b miejski, kt\u00f3ry pozostawia r\u00f3wnie\u017c liczne \u015blady odchod\u00f3w.<\/p>\n<p>Wi\u0119cej mo\u017cna przeczyta\u0107 klikaj\u0105c <strong><a href=\"http:\/\/pustulki.pl\/wp-content\/uploads\/2020\/03\/Obserwacje-pustu\u0142ek.pdf\">Obserwacje pustu\u0142ek.<\/a><\/strong><\/p>\n<p>&nbsp;<\/p>\n<p>&nbsp;<\/p>\n","protected":false},"excerpt":{"rendered":"<p>Dla wielu do\u015bwiadczonych ornitolog\u00f3w poni\u017csze informacje s\u0105 oczywiste, ale niekoniecznie dla os\u00f3b mniej zaawansowanych. Kilka s\u0142\u00f3w o fenologii l\u0119g\u00f3w. Zimuj\u0105ce pustu\u0142ki niekiedy pojawiaj\u0105 si\u0119 na miejscach l\u0119gowych (np. w zamontowanej skrzynce lub we wn\u0119ce budynku). Przesiaduj\u0105 w takim miejscu 1-2 dni i znikaj\u0105. Przylot pustu\u0142ek na znane ptakom stanowiska l\u0119gowe nast\u0119puje zwykle w drugiej po\u0142owie &hellip; <\/p>\n<p class=\"link-more\"><a href=\"http:\/\/pustulki.pl\/index.php\/obserwacje-pustulek-co-warto-wiedziec\/\" class=\"more-link\">Czytaj dalej<span class=\"screen-reader-text\"> Obserwacje pustu\u0142ek \u2013 co warto wiedzie\u0107\u2026<\/span><\/a><\/p>\n","protected":false},"author":2,"featured_media":0,"parent":0,"menu_order":0,"comment_status":"closed","ping_status":"closed","template":"","meta":{"_mi_skip_tracking":false,"footnotes":"","_links_to":"","_links_to_target":""},"_links":{"self":[{"href":"http:\/\/pustulki.pl\/index.php\/wp-json\/wp\/v2\/pages\/446"}],"collection":[{"href":"http:\/\/pustulki.pl\/index.php\/wp-json\/wp\/v2\/pages"}],"about":[{"href":"http:\/\/pustulki.pl\/index.php\/wp-json\/wp\/v2\/types\/page"}],"author":[{"embeddable":true,"href":"http:\/\/pustulki.pl\/index.php\/wp-json\/wp\/v2\/users\/2"}],"replies":[{"embeddable":true,"href":"http:\/\/pustulki.pl\/index.php\/wp-json\/wp\/v2\/comments?post=446"}],"version-history":[{"count":2,"href":"http:\/\/pustulki.pl\/index.php\/wp-json\/wp\/v2\/pages\/446\/revisions"}],"predecessor-version":[{"id":449,"href":"http:\/\/pustulki.pl\/index.php\/wp-json\/wp\/v2\/pages\/446\/revisions\/449"}],"wp:attachment":[{"href":"http:\/\/pustulki.pl\/index.php\/wp-json\/wp\/v2\/media?parent=446"}],"curies":[{"name":"wp","href":"https:\/\/api.w.org\/{rel}","templated":true}]}}